{"id":37626,"date":"2023-10-03T00:00:04","date_gmt":"2023-10-03T00:00:04","guid":{"rendered":"https:\/\/www.howtowatchchannel.com\/hbo-max\/bringbackalice\/"},"modified":"2023-04-15T21:00:01","modified_gmt":"2023-04-15T21:00:01","slug":"bringbackalice","status":"publish","type":"page","link":"https:\/\/www.howtowatchchannel.com\/ph\/hbo-max\/bringbackalice\/","title":{"rendered":"How to Watch #BringBackAlice on HBO Max in Philippines"},"content":{"rendered":"<p><img loading=\"lazy\" decoding=\"async\" class=\"aligncenter wp-image-37725 size-full\" src=\"https:\/\/www.howtowatchchannel.com\/wp-content\/uploads\/2023\/04\/how-to-watch-bringbackalice-on-hbo-max-in-philippines.jpeg\" alt=\"How to Watch BringBackAlice on HBO Max in Philippines\" width=\"700\" height=\"300\" srcset=\"https:\/\/www.howtowatchchannel.com\/wp-content\/uploads\/2023\/04\/how-to-watch-bringbackalice-on-hbo-max-in-philippines.jpeg 700w, https:\/\/www.howtowatchchannel.com\/wp-content\/uploads\/2023\/04\/how-to-watch-bringbackalice-on-hbo-max-in-philippines-300x129.jpeg 300w, https:\/\/www.howtowatchchannel.com\/wp-content\/uploads\/2023\/04\/how-to-watch-bringbackalice-on-hbo-max-in-philippines-680x290.jpeg 680w\" sizes=\"auto, (max-width: 700px) 100vw, 700px\" \/><\/p>\n<p>Get ready to embark on a thrilling journey about the incident that happened to a Polish Influencer, Alice, and find out who was involved in her disappearance. Yes! I am talking about the upcoming Polish thriller #BringBackAlice on HBO Max.<\/p>\n<p>HBO Max is a popular streaming platform that offers a wide range of TV shows and movies, including the upcoming mystery series #BringBackAlice.<\/p>\n<p>Sadly, <strong>HBO Max is blocked in Philippines<\/strong>. But don&#8217;t worry, I&#8217;ve got you covered! By using <strong><a href=\"https:\/\/www.howtowatchchannel.com\/offer\/2\/bringbackalice\" target=\"_blank\" rel=\"noopener nofollow noreferrer\" data-wpel-link=\"internal\">ExpressVPN<\/a><\/strong>, an amazing VPN service, you can bypass the geo-restrictions and <a href=\"https:\/\/www.howtowatchchannel.com\/ph\/hbo-max\/\" target=\"_blank\" rel=\"noopener\">stream HBO Max in Philippines<\/a>.<\/p>\n<p>It costs just <a href=\"https:\/\/www.howtowatchchannel.com\/offer\/2\/bringbackalice\" target=\"_blank\" rel=\"noopener nofollow\"><strong>$\/month (% off) \u2013  year +  months free<\/strong><\/a> and comes with <strong>5 simultaneous connections<\/strong> along with a <strong>full 30-day money-back guarantee<\/strong>.<\/p>\n<p>In this blog post, I&#8217;ll provide you with a super simple guide on how to watch #BringBackAlice on HBO Max in Philippines.<\/p>\n<h2>Quick Steps to Watch #BringBackAlice on HBO Max in Philippines<\/h2>\n<p>To watch #BringBackAlice on HBO Max in Philippines, follow these <strong>5 simple steps<\/strong>:<\/p>\n<div class='dropshadowboxes-container ' style='width:auto;'>\r\n                            <div class='dropshadowboxes-drop-shadow dropshadowboxes-rounded-corners dropshadowboxes-inside-and-outside-shadow dropshadowboxes-lifted-both dropshadowboxes-effect-default' style=' border: 1px solid #dddddd; height:; background-color:#ffffff;    '>\r\n                            <\/p>\n<p><img loading=\"lazy\" decoding=\"async\" class=\"aligncenter wp-image-29033\" src=\"https:\/\/www.howtowatchchannel.com\/wp-content\/uploads\/2023\/03\/Expressvpn-us-server.png\" alt=\"Expressvpn-us-server\" width=\"243\" height=\"400\" srcset=\"https:\/\/www.howtowatchchannel.com\/wp-content\/uploads\/2023\/03\/Expressvpn-us-server.png 364w, https:\/\/www.howtowatchchannel.com\/wp-content\/uploads\/2023\/03\/Expressvpn-us-server-182x300.png 182w\" sizes=\"auto, (max-width: 243px) 100vw, 243px\" \/><\/p>\n<p>\r\n                            <\/div>\r\n                        <\/div>\n<ol>\n<li>Sign up for <strong><a href=\"https:\/\/www.howtowatchchannel.com\/offer\/2\/bringbackalice\" target=\"_blank\" rel=\"noopener nofollow noreferrer\" data-wpel-link=\"internal\">ExpressVPN<\/a><\/strong>&nbsp;and <strong>download\/install<\/strong> the app on your chosen device.<\/li>\n<li>Connect to a <strong>US server (New York)<\/strong>.<\/li>\n<li>Log in to your existing HBO Max account or <strong>create a new one<\/strong> on their <a href=\"https:\/\/www.hbomax.com\/\" target=\"_blank\" rel=\"noopener nofollow\"><strong>website<\/strong><\/a>.<\/li>\n<li>Search for #BringBackAlice on HBO Max.&nbsp;<\/li>\n<li>Start streaming #BringBackAlice on HBO Max in Philippines, without any buffering or restrictions.<\/li>\n<\/ol>\n<p style=\"text-align: center;\"><strong><a class=\"fasc-button fasc-size-large fasc-type-popout\" style=\"background-color: #942bc4; color: #ffffff;\" target=\"_blank\" rel=\"nofollow noopener\" href=\"https:\/\/www.howtowatchchannel.com\/offer\/2\/bringbackalice\">Stream #BringBackAlice with ExpressVPN<\/a><\/strong><\/p>\n<h2>Why Is ExpressVPN the Best VPN to Watch #BringBackAlice on HBO Max in Philippines?<\/h2>\n<p>When it comes to accessing <strong>geo-restricted<\/strong> streaming services like HBO Max from the Philippines, <strong><a href=\"https:\/\/www.howtowatchchannel.com\/offer\/2\/bringbackalice\" target=\"_blank\" rel=\"noopener nofollow noreferrer\" data-wpel-link=\"internal\">ExpressVPN<\/a><\/strong> is an essential tool.<\/p>\n<p>While there are many VPN providers available, ExpressVPN stands out as the best VPN to watch #BringBackAlice on HBO Max in Philippines due to its streaming features.<\/p>\n<p><strong>ExpressVPN<\/strong> offers lightning-fast speeds that are <strong>ideal for streaming high-quality video content<\/strong> without buffering or lag. What&#8217;s more &#8211; You can get these amazing features in just <a href=\"https:\/\/www.howtowatchchannel.com\/offer\/2\/bringbackalice\" target=\"_blank\" rel=\"noopener nofollow\"><strong>$\/month (% off) \u2013  year +  months free<\/strong><\/a> with a <strong>30-days money back guarantee<\/strong>!<\/p>\n<p>Additionally, with over <strong>3000 servers in 94 countries<\/strong>, ExpressVPN has an extensive network of servers to choose from, making it easy to find a server in the US that can reliably unblock HBO Max.<\/p>\n<p>It also has servers that are optimized specifically for streaming, ensuring a smooth and uninterrupted streaming experience. Additionally, it offers <strong>5 simultaneous connections<\/strong> to stream your favorite content on any device.&nbsp;<\/p>\n<p>Furthermore, ExpressVPN has easy-to-use apps for all major platforms, including <strong>Windows, Mac, iOS, Android, and Linux<\/strong>, making it easy to set up and use on your preferred device.<\/p>\n<p>Overall, if you want to watch <strong>#BringBackAlice on HBO Max in Philippines<\/strong>, ExpressVPN is the best choice due to its fast speeds, wide server network, streaming-optimized servers, user-friendly apps, and strong security and privacy features.<\/p>\n<p style=\"text-align: center;\"><strong><a class=\"fasc-button fasc-size-large fasc-type-popout\" style=\"background-color: #942bc4; color: #ffffff;\" target=\"_blank\" rel=\"nofollow noopener\" href=\"https:\/\/www.howtowatchchannel.com\/offer\/2\/bringbackalice\">Stream #BringBackAlice with ExpressVPN<\/a><\/strong><\/p>\n<h2>Where Can I Watch #BringBackAlice?<\/h2>\n<p>As the&nbsp;<strong>series is exclusive to HBO Max<\/strong>, you can watch it on HBO Max even if you are in Philippines. On <strong>April 14, 2023,<\/strong> connect to the US server of <strong><a href=\"https:\/\/www.howtowatchchannel.com\/offer\/2\/bringbackalice\" target=\"_blank\" rel=\"noopener nofollow noreferrer\" data-wpel-link=\"internal\">ExpressVPN<\/a><\/strong>&nbsp;and start enjoying this thrilling crime story.<\/p>\n<h2>What Is the Plot of #BringBackAlice \u2013 [What We Know So Far]<\/h2>\n<p><strong>#BringBackAlice<\/strong> is an upcoming HBO Max series that follows the story of <strong>Alicja Stec<\/strong>, a popular influencer who suddenly disappears without a trace, leaving the Tri-City community in shock.<\/p>\n<p>Despite a year-long search, no leads surface until a teenager is found under mysterious circumstances. Unfortunately, the girl has lost most of her memory, making it challenging to piece together her past.<\/p>\n<p>As she struggles to recall fragments of her life, the influencer begins experiencing disturbing flashbacks that hint at something sinister.<\/p>\n<p>However, not everyone believes her memory loss is genuine. Adding to the mystery, another teenager, Wera, also vanished on the same day.<\/p>\n<p>Alicja\u2019s brother, Tomek, suspects his sister may hold the key to finding Wera. Meanwhile, the influencer\u2019s sudden return causes conflict among her close-knit group of friends.<\/p>\n<p>With everyone\u2019s secrets coming to light, it\u2019s unclear if the young adults have something to hide.<\/p>\n<p>The series promises to be a <strong>gripping mystery<\/strong> that will keep viewers guessing until the very end as secrets unravel in this thrilling new show.<\/p>\n<h2>Is There a Trailer Available for #BringBackAlice on HBO Max?<\/h2>\n<p>Here is the trailer of #BringBackAlice, full of drama, mystery, passion, and a lot of questions.&nbsp;<\/p>\n<p><iframe loading=\"lazy\" title=\"YouTube video player\" src=\"https:\/\/www.youtube.com\/embed\/XPg85AQqiCw\" width=\"560\" height=\"315\" frameborder=\"0\" allowfullscreen=\"allowfullscreen\"><\/iframe>&nbsp;<\/p>\n<h2>Cast of #BringBackAlice<\/h2>\n<p>here is the cast list; make sure to save the date to watch them in the thrilling story of #BringBackAlice.<\/p>\n<table dir=\"ltr\" border=\"1\" cellspacing=\"0\" cellpadding=\"0\">\n<colgroup>\n<col width=\"179\"><\/colgroup>\n<tbody>\n<tr>\n<td style=\"text-align: center;\" data-sheets-value=\"{&quot;1&quot;:2,&quot;2&quot;:&quot;Helena Englert as Alicja Stec&quot;}\">Helena Englert as Alicja Stec<\/td>\n<\/tr>\n<tr>\n<td style=\"text-align: center;\" data-sheets-value=\"{&quot;1&quot;:2,&quot;2&quot;:&quot;Sandra Drzymalska&quot;}\">Sandra Drzymalska<\/td>\n<\/tr>\n<tr>\n<td style=\"text-align: center;\" data-sheets-value=\"{&quot;1&quot;:2,&quot;2&quot;:&quot;Jowita Budnik&quot;}\">Jowita Budnik<\/td>\n<\/tr>\n<tr>\n<td style=\"text-align: center;\" data-sheets-value=\"{&quot;1&quot;:2,&quot;2&quot;:&quot;Marieta Zukowska&quot;}\">Marieta Zukowska<\/td>\n<\/tr>\n<tr>\n<td style=\"text-align: center;\" data-sheets-value=\"{&quot;1&quot;:2,&quot;2&quot;:&quot;Stanislaw Linowski&quot;}\">Stanislaw Linowski<\/td>\n<\/tr>\n<tr>\n<td style=\"text-align: center;\" data-sheets-value=\"{&quot;1&quot;:2,&quot;2&quot;:&quot;Sebastian Dela&quot;}\">Sebastian Dela<\/td>\n<\/tr>\n<tr>\n<td style=\"text-align: center;\" data-sheets-value=\"{&quot;1&quot;:2,&quot;2&quot;:&quot;Marcin Stec&quot;}\">Marcin Stec<\/td>\n<\/tr>\n<tr>\n<td style=\"text-align: center;\" data-sheets-value=\"{&quot;1&quot;:2,&quot;2&quot;:&quot;Mila Jankowska&quot;}\">Mila Jankowska<\/td>\n<\/tr>\n<tr>\n<td style=\"text-align: center;\" data-sheets-value=\"{&quot;1&quot;:2,&quot;2&quot;:&quot;Natalia Iwanska&quot;}\">Natalia Iwanska<\/td>\n<\/tr>\n<tr>\n<td style=\"text-align: center;\" data-sheets-value=\"{&quot;1&quot;:2,&quot;2&quot;:&quot;Katarzyna Galazka&quot;}\">Katarzyna Galazka<\/td>\n<\/tr>\n<tr>\n<td style=\"text-align: center;\" data-sheets-value=\"{&quot;1&quot;:2,&quot;2&quot;:&quot;Adam Cywka&quot;}\">Adam Cywka<\/td>\n<\/tr>\n<tr>\n<td style=\"text-align: center;\" data-sheets-value=\"{&quot;1&quot;:2,&quot;2&quot;:&quot;Marcel Opalinski&quot;}\">Marcel Opalinski<\/td>\n<\/tr>\n<tr>\n<td style=\"text-align: center;\" data-sheets-value=\"{&quot;1&quot;:2,&quot;2&quot;:&quot;Vitalik Havryla&quot;}\">Vitalik Havryla<\/td>\n<\/tr>\n<\/tbody>\n<\/table>\n<h2>Fan Reactions to #BringBackAlice on Twitter<\/h2>\n<blockquote class=\"twitter-tweet\" data-width=\"500\" data-dnt=\"true\">\n<p lang=\"en\" dir=\"ltr\">SERIES | HBO Max <a href=\"https:\/\/twitter.com\/hashtag\/BringBackAlice?src=hash&amp;ref_src=twsrc%5Etfw\">#BringBackAlice<\/a> Official Poster <a href=\"https:\/\/t.co\/Mz4Dug7jBq\">pic.twitter.com\/Mz4Dug7jBq<\/a><\/p>\n<p>&mdash; The Streaming India \ud83c\uddee\ud83c\uddf3 (@thestreamingIND) <a href=\"https:\/\/twitter.com\/thestreamingIND\/status\/1645365320637620225?ref_src=twsrc%5Etfw\">April 10, 2023<\/a><\/p><\/blockquote>\n<p><script async src=\"https:\/\/platform.twitter.com\/widgets.js\" charset=\"utf-8\"><\/script><\/p>\n<blockquote class=\"twitter-tweet\" data-width=\"500\" data-dnt=\"true\">\n<p lang=\"pl\" dir=\"ltr\">Kilka kadr\u00f3w z nasz\u0105 wspania\u0142\u0105, m\u0142od\u0105 obsad\u0105 \ud83d\ude42 <a href=\"https:\/\/twitter.com\/hashtag\/BringBackAlice?src=hash&amp;ref_src=twsrc%5Etfw\">#BringBackAlice<\/a> Premiera ju\u017c wiosn\u0105 w <a href=\"https:\/\/twitter.com\/hbomax?ref_src=twsrc%5Etfw\">@hbomax<\/a> <br \/>\ud83d\udc83\ud83d\udc83 <a href=\"https:\/\/t.co\/cS1zEhPhV1\">pic.twitter.com\/cS1zEhPhV1<\/a><\/p>\n<p>&mdash; Marta Habior \ud83d\udc83 (@MartaHabior) <a href=\"https:\/\/twitter.com\/MartaHabior\/status\/1625122797230993409?ref_src=twsrc%5Etfw\">February 13, 2023<\/a><\/p><\/blockquote>\n<p><script async src=\"https:\/\/platform.twitter.com\/widgets.js\" charset=\"utf-8\"><\/script><\/p>\n<h3>Conclusion<\/h3>\n<p>Now, you can easily watch <strong>#BringBackAlice on HBO Max in Philippines<\/strong>&nbsp;with the help of <strong>ExpressVPN<\/strong>.<\/p>\n<p>Thanks to its fast and reliable servers, you no longer have to worry about geo-restrictions or missing out on the latest episodes on any device.&nbsp;<\/p>\n<p>Not only is ExpressVPN optimized for streaming, but it also offers a <strong>30-day money-back guarantee<\/strong>&nbsp;and <strong>5 simultaneous connections<\/strong>, making it the best VPN option for streaming your favorite shows and movies on HBO Max, Netflix US, Hulu, and more. And at only <a href=\"https:\/\/www.howtowatchchannel.com\/offer\/2\/bringbackalice\" target=\"_blank\" rel=\"noopener nofollow\"><strong>$\/month (% off) \u2013  year +  months free<\/strong><\/a>, it&#8217;s a steal!<\/p>\n<p>So why wait? Grab some snacks, get comfortable, and prepare for an exciting Polish thriller with #BringBackAlice, knowing that <strong><a href=\"https:\/\/www.howtowatchchannel.com\/offer\/2\/bringbackalice\" target=\"_blank\" rel=\"noopener nofollow noreferrer\" data-wpel-link=\"internal\">ExpressVPN<\/a><\/strong> has got you covered.<\/p>\n","protected":false},"excerpt":{"rendered":"<p>Get ready to embark on a thrilling journey about the incident that happened to a Polish Influencer, Alice, and find out who was involved in her disappearance. Yes! I am talking about the upcoming Polish thriller #BringBackAlice on HBO Max. HBO Max is a popular streaming platform that offers a wide range of TV shows [&hellip;]<\/p>\n","protected":false},"author":3,"featured_media":37725,"parent":10304,"menu_order":0,"comment_status":"closed","ping_status":"closed","template":"","meta":{"nf_dc_page":"","_genesis_hide_title":false,"_genesis_hide_breadcrumbs":false,"_genesis_hide_singular_image":false,"_genesis_hide_footer_widgets":false,"_genesis_custom_body_class":"","_genesis_custom_post_class":"","_genesis_layout":"","footnotes":""},"class_list":{"0":"post-37626","1":"page","2":"type-page","3":"status-publish","4":"has-post-thumbnail","6":"entry"},"yoast_head":"<!-- This site is optimized with the Yoast SEO plugin v27.4 - https:\/\/yoast.com\/product\/yoast-seo-wordpress\/ -->\n<title>How to Watch #BringBackAlice on HBO Max in Philippines<\/title>\n<meta name=\"description\" content=\"You can watch #BringBackAlice on HBO Max in Philippines by subscribing to ExpressVPN and enjoy HBO Max content.\" \/>\n<meta name=\"robots\" content=\"index, follow, max-snippet:-1, max-image-preview:large, max-video-preview:-1\" \/>\n<link rel=\"canonical\" href=\"https:\/\/www.howtowatchchannel.com\/ph\/hbo-max\/bringbackalice\/\" \/>\n<meta property=\"og:locale\" content=\"en_US\" \/>\n<meta property=\"og:type\" content=\"article\" \/>\n<meta property=\"og:title\" content=\"How to Watch #BringBackAlice on HBO Max in Philippines\" \/>\n<meta property=\"og:description\" content=\"You can watch #BringBackAlice on HBO Max in Philippines by subscribing to ExpressVPN and enjoy HBO Max content.\" \/>\n<meta property=\"og:url\" content=\"https:\/\/www.howtowatchchannel.com\/ph\/hbo-max\/bringbackalice\/\" \/>\n<meta property=\"og:site_name\" content=\"How To Watch Channel\" \/>\n<meta property=\"og:image\" content=\"https:\/\/www.howtowatchchannel.com\/wp-content\/uploads\/2023\/04\/how-to-watch-bringbackalice-on-hbo-max-in-philippines.jpeg\" \/>\n\t<meta property=\"og:image:width\" content=\"700\" \/>\n\t<meta property=\"og:image:height\" content=\"300\" \/>\n\t<meta property=\"og:image:type\" content=\"image\/jpeg\" \/>\n<meta name=\"twitter:card\" content=\"summary_large_image\" \/>\n<meta name=\"twitter:label1\" content=\"Est. reading time\" \/>\n\t<meta name=\"twitter:data1\" content=\"5 minutes\" \/>\n<script type=\"application\/ld+json\" class=\"yoast-schema-graph\">{\"@context\":\"https:\\\/\\\/schema.org\",\"@graph\":[{\"@type\":\"WebPage\",\"@id\":\"https:\\\/\\\/www.howtowatchchannel.com\\\/ph\\\/hbo-max\\\/bringbackalice\\\/\",\"url\":\"https:\\\/\\\/www.howtowatchchannel.com\\\/ph\\\/hbo-max\\\/bringbackalice\\\/\",\"name\":\"How to Watch #BringBackAlice on HBO Max in Philippines\",\"isPartOf\":{\"@id\":\"https:\\\/\\\/www.howtowatchchannel.com\\\/ph\\\/#website\"},\"primaryImageOfPage\":{\"@id\":\"https:\\\/\\\/www.howtowatchchannel.com\\\/ph\\\/hbo-max\\\/bringbackalice\\\/#primaryimage\"},\"image\":{\"@id\":\"https:\\\/\\\/www.howtowatchchannel.com\\\/ph\\\/hbo-max\\\/bringbackalice\\\/#primaryimage\"},\"thumbnailUrl\":\"https:\\\/\\\/www.howtowatchchannel.com\\\/wp-content\\\/uploads\\\/2023\\\/04\\\/how-to-watch-bringbackalice-on-hbo-max-in-philippines.jpeg\",\"datePublished\":\"2023-10-03T00:00:04+00:00\",\"description\":\"You can watch #BringBackAlice on HBO Max in Philippines by subscribing to ExpressVPN and enjoy HBO Max content.\",\"breadcrumb\":{\"@id\":\"https:\\\/\\\/www.howtowatchchannel.com\\\/ph\\\/hbo-max\\\/bringbackalice\\\/#breadcrumb\"},\"inLanguage\":\"en-PH\",\"potentialAction\":[{\"@type\":\"ReadAction\",\"target\":[\"https:\\\/\\\/www.howtowatchchannel.com\\\/ph\\\/hbo-max\\\/bringbackalice\\\/\"]}]},{\"@type\":\"ImageObject\",\"inLanguage\":\"en-PH\",\"@id\":\"https:\\\/\\\/www.howtowatchchannel.com\\\/ph\\\/hbo-max\\\/bringbackalice\\\/#primaryimage\",\"url\":\"https:\\\/\\\/www.howtowatchchannel.com\\\/wp-content\\\/uploads\\\/2023\\\/04\\\/how-to-watch-bringbackalice-on-hbo-max-in-philippines.jpeg\",\"contentUrl\":\"https:\\\/\\\/www.howtowatchchannel.com\\\/wp-content\\\/uploads\\\/2023\\\/04\\\/how-to-watch-bringbackalice-on-hbo-max-in-philippines.jpeg\",\"width\":700,\"height\":300,\"caption\":\"How to Watch BringBackAlice on HBO Max in Philippines\"},{\"@type\":\"BreadcrumbList\",\"@id\":\"https:\\\/\\\/www.howtowatchchannel.com\\\/ph\\\/hbo-max\\\/bringbackalice\\\/#breadcrumb\",\"itemListElement\":[{\"@type\":\"ListItem\",\"position\":1,\"name\":\"Home\",\"item\":\"https:\\\/\\\/www.howtowatchchannel.com\\\/ph\\\/\"},{\"@type\":\"ListItem\",\"position\":2,\"name\":\"How to Watch HBO Max in Philippines [Updated May 2024]\",\"item\":\"https:\\\/\\\/www.howtowatchchannel.com\\\/ph\\\/hbo-max\\\/\"},{\"@type\":\"ListItem\",\"position\":3,\"name\":\"How to Watch #BringBackAlice on HBO Max in Philippines\"}]},{\"@type\":\"WebSite\",\"@id\":\"https:\\\/\\\/www.howtowatchchannel.com\\\/ph\\\/#website\",\"url\":\"https:\\\/\\\/www.howtowatchchannel.com\\\/ph\\\/\",\"name\":\"How To Watch Channel\",\"description\":\"Home to access all channels from anywhere around the world\",\"publisher\":{\"@id\":\"https:\\\/\\\/www.howtowatchchannel.com\\\/ph\\\/#organization\"},\"potentialAction\":[{\"@type\":\"SearchAction\",\"target\":{\"@type\":\"EntryPoint\",\"urlTemplate\":\"https:\\\/\\\/www.howtowatchchannel.com\\\/ph\\\/?s={search_term_string}\"},\"query-input\":{\"@type\":\"PropertyValueSpecification\",\"valueRequired\":true,\"valueName\":\"search_term_string\"}}],\"inLanguage\":\"en-PH\"},{\"@type\":\"Organization\",\"@id\":\"https:\\\/\\\/www.howtowatchchannel.com\\\/ph\\\/#organization\",\"name\":\"How To Watch Channel\",\"url\":\"https:\\\/\\\/www.howtowatchchannel.com\\\/ph\\\/\",\"logo\":{\"@type\":\"ImageObject\",\"inLanguage\":\"en-PH\",\"@id\":\"https:\\\/\\\/www.howtowatchchannel.com\\\/ph\\\/#\\\/schema\\\/logo\\\/image\\\/\",\"url\":\"https:\\\/\\\/www.howtowatchchannel.com\\\/wp-content\\\/uploads\\\/2021\\\/10\\\/cropped-howtowatchchannel-logo.png\",\"contentUrl\":\"https:\\\/\\\/www.howtowatchchannel.com\\\/wp-content\\\/uploads\\\/2021\\\/10\\\/cropped-howtowatchchannel-logo.png\",\"width\":499,\"height\":350,\"caption\":\"How To Watch Channel\"},\"image\":{\"@id\":\"https:\\\/\\\/www.howtowatchchannel.com\\\/ph\\\/#\\\/schema\\\/logo\\\/image\\\/\"}}]}<\/script>\n<!-- \/ Yoast SEO plugin. -->","yoast_head_json":{"title":"How to Watch #BringBackAlice on HBO Max in Philippines","description":"You can watch #BringBackAlice on HBO Max in Philippines by subscribing to ExpressVPN and enjoy HBO Max content.","robots":{"index":"index","follow":"follow","max-snippet":"max-snippet:-1","max-image-preview":"max-image-preview:large","max-video-preview":"max-video-preview:-1"},"canonical":"https:\/\/www.howtowatchchannel.com\/ph\/hbo-max\/bringbackalice\/","og_locale":"en_US","og_type":"article","og_title":"How to Watch #BringBackAlice on HBO Max in Philippines","og_description":"You can watch #BringBackAlice on HBO Max in Philippines by subscribing to ExpressVPN and enjoy HBO Max content.","og_url":"https:\/\/www.howtowatchchannel.com\/ph\/hbo-max\/bringbackalice\/","og_site_name":"How To Watch Channel","og_image":[{"width":700,"height":300,"url":"https:\/\/www.howtowatchchannel.com\/wp-content\/uploads\/2023\/04\/how-to-watch-bringbackalice-on-hbo-max-in-philippines.jpeg","type":"image\/jpeg"}],"twitter_card":"summary_large_image","twitter_misc":{"Est. reading time":"5 minutes"},"schema":{"@context":"https:\/\/schema.org","@graph":[{"@type":"WebPage","@id":"https:\/\/www.howtowatchchannel.com\/ph\/hbo-max\/bringbackalice\/","url":"https:\/\/www.howtowatchchannel.com\/ph\/hbo-max\/bringbackalice\/","name":"How to Watch #BringBackAlice on HBO Max in Philippines","isPartOf":{"@id":"https:\/\/www.howtowatchchannel.com\/ph\/#website"},"primaryImageOfPage":{"@id":"https:\/\/www.howtowatchchannel.com\/ph\/hbo-max\/bringbackalice\/#primaryimage"},"image":{"@id":"https:\/\/www.howtowatchchannel.com\/ph\/hbo-max\/bringbackalice\/#primaryimage"},"thumbnailUrl":"https:\/\/www.howtowatchchannel.com\/wp-content\/uploads\/2023\/04\/how-to-watch-bringbackalice-on-hbo-max-in-philippines.jpeg","datePublished":"2023-10-03T00:00:04+00:00","description":"You can watch #BringBackAlice on HBO Max in Philippines by subscribing to ExpressVPN and enjoy HBO Max content.","breadcrumb":{"@id":"https:\/\/www.howtowatchchannel.com\/ph\/hbo-max\/bringbackalice\/#breadcrumb"},"inLanguage":"en-PH","potentialAction":[{"@type":"ReadAction","target":["https:\/\/www.howtowatchchannel.com\/ph\/hbo-max\/bringbackalice\/"]}]},{"@type":"ImageObject","inLanguage":"en-PH","@id":"https:\/\/www.howtowatchchannel.com\/ph\/hbo-max\/bringbackalice\/#primaryimage","url":"https:\/\/www.howtowatchchannel.com\/wp-content\/uploads\/2023\/04\/how-to-watch-bringbackalice-on-hbo-max-in-philippines.jpeg","contentUrl":"https:\/\/www.howtowatchchannel.com\/wp-content\/uploads\/2023\/04\/how-to-watch-bringbackalice-on-hbo-max-in-philippines.jpeg","width":700,"height":300,"caption":"How to Watch BringBackAlice on HBO Max in Philippines"},{"@type":"BreadcrumbList","@id":"https:\/\/www.howtowatchchannel.com\/ph\/hbo-max\/bringbackalice\/#breadcrumb","itemListElement":[{"@type":"ListItem","position":1,"name":"Home","item":"https:\/\/www.howtowatchchannel.com\/ph\/"},{"@type":"ListItem","position":2,"name":"How to Watch HBO Max in Philippines [Updated May 2024]","item":"https:\/\/www.howtowatchchannel.com\/ph\/hbo-max\/"},{"@type":"ListItem","position":3,"name":"How to Watch #BringBackAlice on HBO Max in Philippines"}]},{"@type":"WebSite","@id":"https:\/\/www.howtowatchchannel.com\/ph\/#website","url":"https:\/\/www.howtowatchchannel.com\/ph\/","name":"How To Watch Channel","description":"Home to access all channels from anywhere around the world","publisher":{"@id":"https:\/\/www.howtowatchchannel.com\/ph\/#organization"},"potentialAction":[{"@type":"SearchAction","target":{"@type":"EntryPoint","urlTemplate":"https:\/\/www.howtowatchchannel.com\/ph\/?s={search_term_string}"},"query-input":{"@type":"PropertyValueSpecification","valueRequired":true,"valueName":"search_term_string"}}],"inLanguage":"en-PH"},{"@type":"Organization","@id":"https:\/\/www.howtowatchchannel.com\/ph\/#organization","name":"How To Watch Channel","url":"https:\/\/www.howtowatchchannel.com\/ph\/","logo":{"@type":"ImageObject","inLanguage":"en-PH","@id":"https:\/\/www.howtowatchchannel.com\/ph\/#\/schema\/logo\/image\/","url":"https:\/\/www.howtowatchchannel.com\/wp-content\/uploads\/2021\/10\/cropped-howtowatchchannel-logo.png","contentUrl":"https:\/\/www.howtowatchchannel.com\/wp-content\/uploads\/2021\/10\/cropped-howtowatchchannel-logo.png","width":499,"height":350,"caption":"How To Watch Channel"},"image":{"@id":"https:\/\/www.howtowatchchannel.com\/ph\/#\/schema\/logo\/image\/"}}]}},"acf":[],"_links":{"self":[{"href":"https:\/\/www.howtowatchchannel.com\/ph\/wp-json\/wp\/v2\/pages\/37626","targetHints":{"allow":["GET"]}}],"collection":[{"href":"https:\/\/www.howtowatchchannel.com\/ph\/wp-json\/wp\/v2\/pages"}],"about":[{"href":"https:\/\/www.howtowatchchannel.com\/ph\/wp-json\/wp\/v2\/types\/page"}],"author":[{"embeddable":true,"href":"https:\/\/www.howtowatchchannel.com\/ph\/wp-json\/wp\/v2\/users\/3"}],"replies":[{"embeddable":true,"href":"https:\/\/www.howtowatchchannel.com\/ph\/wp-json\/wp\/v2\/comments?post=37626"}],"version-history":[{"count":2,"href":"https:\/\/www.howtowatchchannel.com\/ph\/wp-json\/wp\/v2\/pages\/37626\/revisions"}],"predecessor-version":[{"id":37784,"href":"https:\/\/www.howtowatchchannel.com\/ph\/wp-json\/wp\/v2\/pages\/37626\/revisions\/37784"}],"up":[{"embeddable":true,"href":"https:\/\/www.howtowatchchannel.com\/ph\/wp-json\/wp\/v2\/pages\/10304"}],"wp:featuredmedia":[{"embeddable":true,"href":"https:\/\/www.howtowatchchannel.com\/ph\/wp-json\/wp\/v2\/media\/37725"}],"wp:attachment":[{"href":"https:\/\/www.howtowatchchannel.com\/ph\/wp-json\/wp\/v2\/media?parent=37626"}],"curies":[{"name":"wp","href":"https:\/\/api.w.org\/{rel}","templated":true}]}}