{"id":48820,"date":"2023-10-03T13:56:59","date_gmt":"2023-10-03T13:56:59","guid":{"rendered":"https:\/\/www.howtowatchchannel.com\/canal\/b-r-i\/"},"modified":"2023-07-22T20:38:05","modified_gmt":"2023-07-22T20:38:05","slug":"b-r-i","status":"publish","type":"page","link":"https:\/\/www.howtowatchchannel.com\/au\/canal\/b-r-i\/","title":{"rendered":"How to Watch B.R.I on Canal+ in Australia"},"content":{"rendered":"<p><img loading=\"lazy\" decoding=\"async\" class=\"aligncenter wp-image-48830 size-full\" src=\"https:\/\/www.howtowatchchannel.com\/wp-content\/uploads\/2023\/07\/how-to-watch-b.r.i-on-canal-plus-in-australia.jpg\" alt=\"How to Watch B.R.I on Canal Plus in Australia\" width=\"700\" height=\"300\" srcset=\"https:\/\/www.howtowatchchannel.com\/wp-content\/uploads\/2023\/07\/how-to-watch-b.r.i-on-canal-plus-in-australia.jpg 700w, https:\/\/www.howtowatchchannel.com\/wp-content\/uploads\/2023\/07\/how-to-watch-b.r.i-on-canal-plus-in-australia-300x129.jpg 300w, https:\/\/www.howtowatchchannel.com\/wp-content\/uploads\/2023\/07\/how-to-watch-b.r.i-on-canal-plus-in-australia-680x290.jpg 680w\" sizes=\"auto, (max-width: 700px) 100vw, 700px\" \/><\/p>\n<p>Get ready for an electrifying ride with &#8220;B.R.I,&#8221; the latest thriller series to hit Canal+! Join the elite anti-gang squad, featuring Sofian Khammes, Vincent Elbaz, Th\u00e9o Christine, and Oph\u00e9lie Bau, as they navigate the treacherous world of crime.<\/p>\n<p>Premiering on <strong>Monday, April 24, 2023<\/strong>, with two new episodes weekly, &#8220;B.R.I&#8221; promises to keep you on the edge of your seat.<\/p>\n<p>Sadly, Canal+ is available only in mainland France and Monaco and is geo-restricted in Australia.<\/p>\n<p>Worried about geo-restrictions? <a href=\"https:\/\/www.howtowatchchannel.com\/au\/canal\/\" target=\"_blank\" rel=\"noopener\">Unlock Canal+ in Australia<\/a>&nbsp;with <a href=\"https:\/\/www.howtowatchchannel.com\/offer\/2\/bri\" target=\"_blank\" rel=\"noopener nofollow\"><strong>ExpressVPN<\/strong><\/a>, offering lightning-fast speeds of up to <strong>89.67 Mbps<\/strong>.<\/p>\n<p>For only <a href=\"https:\/\/www.howtowatchchannel.com\/offer\/2\/bri\" target=\"_blank\" rel=\"noopener nofollow\"><strong>$\/month (% off) \u2013  year +  months free<\/strong><\/a>, you&#8217;ll get access <strong>3000+ servers in 94 countries<\/strong> and a <strong>30-day money-back guarantee<\/strong>.<\/p>\n<p>In this quick unblocking guide, I&#8217;ll tell you how to watch B.R.I on Canal+ in Australia in just <strong>6 easy steps<\/strong>.<\/p>\n<h2>6 Easy Steps to Watch B.R.I on Canal+ in the Australia<\/h2>\n<div class='dropshadowboxes-container ' style='width:auto;'>\r\n                            <div class='dropshadowboxes-drop-shadow dropshadowboxes-rounded-corners dropshadowboxes-inside-and-outside-shadow dropshadowboxes-lifted-both dropshadowboxes-effect-default' style=' border: 1px solid #dddddd; height:; background-color:#ffffff;    '>\r\n                            <br \/>\n<img loading=\"lazy\" decoding=\"async\" class=\"aligncenter wp-image-29620\" src=\"https:\/\/www.howtowatchchannel.com\/wp-content\/uploads\/2023\/03\/expressvpn-france-servers.jpg\" alt=\"expressvpn-france-servers\" width=\"622\" height=\"500\" srcset=\"https:\/\/www.howtowatchchannel.com\/wp-content\/uploads\/2023\/03\/expressvpn-france-servers.jpg 700w, https:\/\/www.howtowatchchannel.com\/wp-content\/uploads\/2023\/03\/expressvpn-france-servers-300x241.jpg 300w\" sizes=\"auto, (max-width: 622px) 100vw, 622px\" \/><br \/>\n\r\n                            <\/div>\r\n                        <\/div>\n<ol>\n<li>Subscribe to a reliable VPN like <a href=\"https:\/\/www.howtowatchchannel.com\/offer\/2\/bri\" target=\"_blank\" rel=\"noopener nofollow\"><strong>ExpressVPN<\/strong><\/a>&nbsp;for <a href=\"https:\/\/www.howtowatchchannel.com\/offer\/2\/bri\" target=\"_blank\" rel=\"noopener nofollow\"><strong>$\/mo (% off)<\/strong><\/a>.<\/li>\n<li><strong>Download the VPN app<\/strong> on your device.<\/li>\n<li><strong>Log into the VPN app<\/strong> using your credentials.<\/li>\n<li>Connect to a French server. (<strong>France-Paris-1 server works best<\/strong>).<\/li>\n<li>Go to the <strong>Canal+ <a href=\"https:\/\/www.canalplus.com\/\" target=\"_blank\" rel=\"noopener nofollow external noreferrer\" data-wpel-link=\"external\">website<\/a><\/strong> or use its app and <strong>sign up for an account<\/strong>.<\/li>\n<li>Login to your account &gt; <strong>search for B.R.I series<\/strong> &gt; start streaming the show in Australia.<\/li>\n<\/ol>\n<p style=\"text-align: center;\"><a class=\"fasc-button fasc-size-large fasc-type-popout\" style=\"background-color: #942bc4; color: #ffffff;\" target=\"_blank\" rel=\"nofollow noopener\" href=\"https:\/\/www.howtowatchchannel.com\/offer\/2\/bri\">Watch B.R.I on Canal+ with ExpressVPN<\/a><\/p>\n<h2>Why Choose ExpressVPN to Watch B.R.I on Canal+ in Australia?<\/h2>\n<p><img loading=\"lazy\" decoding=\"async\" class=\"aligncenter wp-image-4517 size-full\" src=\"https:\/\/www.howtowatchchannel.com\/wp-content\/uploads\/2021\/11\/ExpressVPN-howtowatchchannel.png\" alt=\"ExpressVPN-howtowatchchannel\" width=\"700\" height=\"300\" srcset=\"https:\/\/www.howtowatchchannel.com\/wp-content\/uploads\/2021\/11\/ExpressVPN-howtowatchchannel.png 700w, https:\/\/www.howtowatchchannel.com\/wp-content\/uploads\/2021\/11\/ExpressVPN-howtowatchchannel-300x129.png 300w, https:\/\/www.howtowatchchannel.com\/wp-content\/uploads\/2021\/11\/ExpressVPN-howtowatchchannel-680x290.png 680w\" sizes=\"auto, (max-width: 700px) 100vw, 700px\" \/><\/p>\n<p>Discover the thrilling world of &#8220;B.R.I&#8221; on Canal+ in Australia with the ultimate VPN experience. Ranked #1, this top-tier VPN ensures <strong>lightning-fast streaming speeds<\/strong> and a seamless viewing experience, perfect for immersing yourself in the captivating French series.<\/p>\n<p>With a vast server network, including swift French servers in cities like <strong>Paris, Marseille, and Strasbourg<\/strong>, you&#8217;ll never have to worry about geo-restrictions again. Boasting <strong>3000+ servers across 94 countries<\/strong>, this VPN provides new and whitelisted IPs to unblock Canal+ effortlessly.<\/p>\n<p>Experience <strong>HD picture quality<\/strong> without buffering as you enjoy B.R.I series. Capable of delivering speeds up to <strong>89.67 Mbps on a 100 Mbps connection<\/strong>, this VPN ensures an uninterrupted viewing experience.<\/p>\n<p>Compatible with <strong>iOS, Android, Windows, macOS, and Fire Stick devices<\/strong>, the VPN&#8217;s easy-to-use apps provide one-click connectivity for all your streaming needs.<\/p>\n<p>As for pricing, it costs just <a href=\"https:\/\/www.howtowatchchannel.com\/offer\/2\/bri\" target=\"_blank\" rel=\"noopener nofollow\"><strong>$\/month (% off) \u2013  year +  months free<\/strong><\/a>, offers a <strong>30-day money-back guarantee&nbsp;<\/strong>and supports <strong>5 multi-logins<\/strong>.<\/p>\n<p>Don&#8217;t miss out on the gripping B.R.I series on Canal+ in Australia. Unlock the ultimate streaming experience with the unbeatable VPN today!<\/p>\n<p style=\"text-align: center;\"><a class=\"fasc-button fasc-size-large fasc-type-popout\" style=\"background-color: #942bc4; color: #ffffff;\" target=\"_blank\" rel=\"nofollow noopener\" href=\"https:\/\/www.howtowatchchannel.com\/offer\/2\/bri\">Watch B.R.I on Canal+ with ExpressVPN<\/a><\/p>\n<h2>Release Date of B.R.I on Canal+<\/h2>\n<p>&#8220;B.R.I&#8221;, the highly-anticipated French thriller series by J\u00e9r\u00e9mie Guez, featuring Sofian Khammes, Vincent Elbaz, Th\u00e9o Christine, and Oph\u00e9lie Bau, was released on <strong>April 24, 2023<\/strong>, on Canal+.<\/p>\n<h2>What\u2019s the Plot of the B.R.I Series<\/h2>\n<p>The B.R.I series, created by <strong>J\u00e9r\u00e9mie Guez<\/strong>, centers around the <strong>Brigade de Recherche et d&#8217;Intervention<\/strong> and their involvement in a gang war between drug dealers.<\/p>\n<p>Unlike other police dramas, Guez&#8217;s series does not feature clean cops, but instead portrays some of the officers as adopting the same codes as the criminals they are trying to catch.<\/p>\n<p>With striking scenes and a soundtrack created by Guez himself, the series offers <strong>Sofian Khammes<\/strong> his first leading role on television. <strong>Vincent Elbaz&#8217;s<\/strong> performance as a bandit with a gypsy accent is also surprising, as audiences are more accustomed to seeing him in the role of a cop.<\/p>\n<p>While the first episode may be a bit slow to start, the series picks up the pace with the introduction of violence and an intense final scene. Additionally, the series showcases the beautiful districts of Paris frequented by organized crime.<\/p>\n<h2>Cast of B.R.I Series<\/h2>\n<p>J\u00e9r\u00e9mie Guez, the director of the films Bluebird and Sons of Philadelphia, makes his debut as a screenwriter and director for the crime thriller B.R.I. Previously, he co-wrote and directed various films. The cast for the show is listed in the table below.<\/p>\n<table style=\"width: 100%; max-width: 600px; margin: auto;\">\n<tbody>\n<tr style=\"background-color: #f1f1f1;\">\n<th style=\"text-align: center; padding: 10px;\">Actor\/Actress<\/th>\n<\/tr>\n<tr style=\"background-color: #ffffff;\">\n<td style=\"text-align: center; padding: 10px;\">Sofian Khammes<\/td>\n<\/tr>\n<tr style=\"background-color: #f1f1f1;\">\n<td style=\"text-align: center; padding: 10px;\">Oph\u00e9lie Bau<\/td>\n<\/tr>\n<tr style=\"background-color: #ffffff;\">\n<td style=\"text-align: center; padding: 10px;\">Th\u00e9o Christine<\/td>\n<\/tr>\n<tr style=\"background-color: #f1f1f1;\">\n<td style=\"text-align: center; padding: 10px;\">Rabah Nait Oufella<\/td>\n<\/tr>\n<tr style=\"background-color: #ffffff;\">\n<td style=\"text-align: center; padding: 10px;\">Wa\u00ebl Sersoub<\/td>\n<\/tr>\n<tr style=\"background-color: #f1f1f1;\">\n<td style=\"text-align: center; padding: 10px;\">Vincent Elbaz<\/td>\n<\/tr>\n<tr style=\"background-color: #ffffff;\">\n<td style=\"text-align: center; padding: 10px;\">Bruno Todeschini<\/td>\n<\/tr>\n<tr style=\"background-color: #f1f1f1;\">\n<td style=\"text-align: center; padding: 10px;\">Nina Meurisse<\/td>\n<\/tr>\n<tr style=\"background-color: #ffffff;\">\n<td style=\"text-align: center; padding: 10px;\">Emmanuelle Devos<\/td>\n<\/tr>\n<tr style=\"background-color: #f1f1f1;\">\n<td style=\"text-align: center; padding: 10px;\">Sami Outalbali<\/td>\n<\/tr>\n<tr style=\"background-color: #ffffff;\">\n<td style=\"text-align: center; padding: 10px;\">Etienne Guillou-Kervern<\/td>\n<\/tr>\n<tr style=\"background-color: #f1f1f1;\">\n<td style=\"text-align: center; padding: 10px;\">Yves Heck<\/td>\n<\/tr>\n<tr style=\"background-color: #ffffff;\">\n<td style=\"text-align: center; padding: 10px;\">Tarik Mounim<\/td>\n<\/tr>\n<tr style=\"background-color: #f1f1f1;\">\n<td style=\"text-align: center; padding: 10px;\">Mehdi Boudhraa<\/td>\n<\/tr>\n<\/tbody>\n<\/table>\n<h2>List of Episodes of B.R.I Series<\/h2>\n<ul>\n<li>Episode #1.1 &#8211; April 24, 2023<\/li>\n<li>Episode #1.2 &#8211; April 24, 2023<\/li>\n<li>Episode #1.3 &#8211; May 1, 2023<\/li>\n<li>Episode #1.4 &#8211; May 1, 2023<\/li>\n<li>Episode #1.5 &#8211; May 8, 2023<\/li>\n<li>Episode #1.6 &#8211; May 8, 2023<\/li>\n<li>Episode #1.7 &#8211; May 15, 2023<\/li>\n<li>Episode #1.8 &#8211; May 15, 2023<\/li>\n<\/ul>\n<h2>Trailer of B.R.I Series<\/h2>\n<p>Are you eagerly waiting to discover what the show&#8217;s plotline holds? Then you&#8217;re in luck! Get ready to binge-watch the trailer on YouTube below.<\/p>\n<p><iframe loading=\"lazy\" title=\"YouTube video player\" src=\"https:\/\/www.youtube.com\/embed\/Rft8vu6imVk\" width=\"560\" height=\"315\" frameborder=\"0\" allowfullscreen=\"allowfullscreen\"><\/iframe><\/p>\n<h2>Hype of B.R.I Series on Twitter<\/h2>\n<blockquote class=\"twitter-tweet\" data-width=\"500\" data-dnt=\"true\">\n<p lang=\"fr\" dir=\"ltr\">Intervention imminente ! <a href=\"https:\/\/twitter.com\/hashtag\/BRI?src=hash&amp;ref_src=twsrc%5Etfw\">#BRI<\/a>, nouvelle Cr\u00e9ation Originale CANAL+, d\u00e8s 21H <a href=\"https:\/\/t.co\/749QwqF6CF\">pic.twitter.com\/749QwqF6CF<\/a><\/p>\n<p>&mdash; CANAL+ (@canalplus) <a href=\"https:\/\/twitter.com\/canalplus\/status\/1650397913691074560?ref_src=twsrc%5Etfw\">April 24, 2023<\/a><\/p><\/blockquote>\n<p><script async src=\"https:\/\/platform.twitter.com\/widgets.js\" charset=\"utf-8\"><\/script><\/p>\n<blockquote class=\"twitter-tweet\" data-width=\"500\" data-dnt=\"true\">\n<p lang=\"fr\" dir=\"ltr\">Que vaut la nouvelle s\u00e9rie polici\u00e8re de Canal+ ? <a href=\"https:\/\/t.co\/aASdl74Gph\">https:\/\/t.co\/aASdl74Gph<\/a><\/p>\n<p>&mdash; Les Inrockuptibles (@lesinrocks) <a href=\"https:\/\/twitter.com\/lesinrocks\/status\/1648016471895965698?ref_src=twsrc%5Etfw\">April 17, 2023<\/a><\/p><\/blockquote>\n<p><script async src=\"https:\/\/platform.twitter.com\/widgets.js\" charset=\"utf-8\"><\/script><\/p>\n<h3>Conclusion<\/h3>\n<p>And there you have it! Now you can effortlessly watch B.R.I on Canal+ in Australia. With <strong><a href=\"https:\/\/www.howtowatchchannel.com\/offer\/2\/bri\" target=\"_blank\" rel=\"noopener nofollow noreferrer\" data-wpel-link=\"internal\">ExpressVPN<\/a><\/strong>, you can bypass geo-restrictions and access all the episodes of the latest series.<\/p>\n<p>ExpressVPN&#8217;s <strong>fast servers<\/strong> and <strong>30-day money-back guarantee<\/strong> make it the top VPN choice for streaming your favorite content on Canal+.<\/p>\n<p>As for pricing, ExpressVPN subscription costs <strong><a href=\"https:\/\/www.howtowatchchannel.com\/offer\/2\/bri\" target=\"_blank\" rel=\"noopener nofollow\">$\/month (% off) \u2013  year +  months free<\/a><\/strong>.<\/p>\n<p>So what are you waiting for? Grab some snacks, get comfortable, and prepare to dive into the thrilling world of B.R.I on Canal+ in Australia.<\/p>\n","protected":false},"excerpt":{"rendered":"<p>Get ready for an electrifying ride with &#8220;B.R.I,&#8221; the latest thriller series to hit Canal+! Join the elite anti-gang squad, featuring Sofian Khammes, Vincent Elbaz, Th\u00e9o Christine, and Oph\u00e9lie Bau, as they navigate the treacherous world of crime. Premiering on Monday, April 24, 2023, with two new episodes weekly, &#8220;B.R.I&#8221; promises to keep you on [&hellip;]<\/p>\n","protected":false},"author":2,"featured_media":48830,"parent":16785,"menu_order":0,"comment_status":"closed","ping_status":"closed","template":"","meta":{"nf_dc_page":"","_genesis_hide_title":false,"_genesis_hide_breadcrumbs":false,"_genesis_hide_singular_image":false,"_genesis_hide_footer_widgets":false,"_genesis_custom_body_class":"","_genesis_custom_post_class":"","_genesis_layout":"","footnotes":""},"class_list":{"0":"post-48820","1":"page","2":"type-page","3":"status-publish","4":"has-post-thumbnail","6":"entry"},"yoast_head":"<!-- This site is optimized with the Yoast SEO plugin v27.4 - https:\/\/yoast.com\/product\/yoast-seo-wordpress\/ -->\n<title>How to Watch B.R.I on Canal+ in Australia<\/title>\n<meta name=\"description\" content=\"Learn how to watch B.R.I on Canal+ in Australia with this helpful guide. Discover the steps to follow and get access to this French crime drama today.\" \/>\n<meta name=\"robots\" content=\"index, follow, max-snippet:-1, max-image-preview:large, max-video-preview:-1\" \/>\n<link rel=\"canonical\" href=\"https:\/\/www.howtowatchchannel.com\/au\/canal\/b-r-i\/\" \/>\n<meta property=\"og:locale\" content=\"en_US\" \/>\n<meta property=\"og:type\" content=\"article\" \/>\n<meta property=\"og:title\" content=\"How to Watch B.R.I on Canal+ in Australia\" \/>\n<meta property=\"og:description\" content=\"Learn how to watch B.R.I on Canal+ in Australia with this helpful guide. Discover the steps to follow and get access to this French crime drama today.\" \/>\n<meta property=\"og:url\" content=\"https:\/\/www.howtowatchchannel.com\/au\/canal\/b-r-i\/\" \/>\n<meta property=\"og:site_name\" content=\"How To Watch Channel\" \/>\n<meta property=\"og:image\" content=\"https:\/\/www.howtowatchchannel.com\/wp-content\/uploads\/2023\/07\/how-to-watch-b.r.i-on-canal-plus-in-australia.jpg\" \/>\n\t<meta property=\"og:image:width\" content=\"700\" \/>\n\t<meta property=\"og:image:height\" content=\"300\" \/>\n\t<meta property=\"og:image:type\" content=\"image\/jpeg\" \/>\n<meta name=\"twitter:card\" content=\"summary_large_image\" \/>\n<meta name=\"twitter:label1\" content=\"Est. reading time\" \/>\n\t<meta name=\"twitter:data1\" content=\"5 minutes\" \/>\n<script type=\"application\/ld+json\" class=\"yoast-schema-graph\">{\"@context\":\"https:\\\/\\\/schema.org\",\"@graph\":[{\"@type\":\"WebPage\",\"@id\":\"https:\\\/\\\/www.howtowatchchannel.com\\\/au\\\/canal\\\/b-r-i\\\/\",\"url\":\"https:\\\/\\\/www.howtowatchchannel.com\\\/au\\\/canal\\\/b-r-i\\\/\",\"name\":\"How to Watch B.R.I on Canal+ in Australia\",\"isPartOf\":{\"@id\":\"https:\\\/\\\/www.howtowatchchannel.com\\\/au\\\/#website\"},\"primaryImageOfPage\":{\"@id\":\"https:\\\/\\\/www.howtowatchchannel.com\\\/au\\\/canal\\\/b-r-i\\\/#primaryimage\"},\"image\":{\"@id\":\"https:\\\/\\\/www.howtowatchchannel.com\\\/au\\\/canal\\\/b-r-i\\\/#primaryimage\"},\"thumbnailUrl\":\"https:\\\/\\\/www.howtowatchchannel.com\\\/wp-content\\\/uploads\\\/2023\\\/07\\\/how-to-watch-b.r.i-on-canal-plus-in-australia.jpg\",\"datePublished\":\"2023-10-03T13:56:59+00:00\",\"description\":\"Learn how to watch B.R.I on Canal+ in Australia with this helpful guide. Discover the steps to follow and get access to this French crime drama today.\",\"breadcrumb\":{\"@id\":\"https:\\\/\\\/www.howtowatchchannel.com\\\/au\\\/canal\\\/b-r-i\\\/#breadcrumb\"},\"inLanguage\":\"en-AU\",\"potentialAction\":[{\"@type\":\"ReadAction\",\"target\":[\"https:\\\/\\\/www.howtowatchchannel.com\\\/au\\\/canal\\\/b-r-i\\\/\"]}]},{\"@type\":\"ImageObject\",\"inLanguage\":\"en-AU\",\"@id\":\"https:\\\/\\\/www.howtowatchchannel.com\\\/au\\\/canal\\\/b-r-i\\\/#primaryimage\",\"url\":\"https:\\\/\\\/www.howtowatchchannel.com\\\/wp-content\\\/uploads\\\/2023\\\/07\\\/how-to-watch-b.r.i-on-canal-plus-in-australia.jpg\",\"contentUrl\":\"https:\\\/\\\/www.howtowatchchannel.com\\\/wp-content\\\/uploads\\\/2023\\\/07\\\/how-to-watch-b.r.i-on-canal-plus-in-australia.jpg\",\"width\":700,\"height\":300,\"caption\":\"How to Watch B.R.I on Canal Plus in Australia\"},{\"@type\":\"BreadcrumbList\",\"@id\":\"https:\\\/\\\/www.howtowatchchannel.com\\\/au\\\/canal\\\/b-r-i\\\/#breadcrumb\",\"itemListElement\":[{\"@type\":\"ListItem\",\"position\":1,\"name\":\"Home\",\"item\":\"https:\\\/\\\/www.howtowatchchannel.com\\\/au\\\/\"},{\"@type\":\"ListItem\",\"position\":2,\"name\":\"How to Watch Canal+ in Australia [Updated May 2024]\",\"item\":\"https:\\\/\\\/www.howtowatchchannel.com\\\/au\\\/canal\\\/\"},{\"@type\":\"ListItem\",\"position\":3,\"name\":\"How to Watch B.R.I on Canal+ in Australia\"}]},{\"@type\":\"WebSite\",\"@id\":\"https:\\\/\\\/www.howtowatchchannel.com\\\/au\\\/#website\",\"url\":\"https:\\\/\\\/www.howtowatchchannel.com\\\/au\\\/\",\"name\":\"How To Watch Channel\",\"description\":\"Home to access all channels from anywhere around the world\",\"publisher\":{\"@id\":\"https:\\\/\\\/www.howtowatchchannel.com\\\/au\\\/#organization\"},\"potentialAction\":[{\"@type\":\"SearchAction\",\"target\":{\"@type\":\"EntryPoint\",\"urlTemplate\":\"https:\\\/\\\/www.howtowatchchannel.com\\\/au\\\/?s={search_term_string}\"},\"query-input\":{\"@type\":\"PropertyValueSpecification\",\"valueRequired\":true,\"valueName\":\"search_term_string\"}}],\"inLanguage\":\"en-AU\"},{\"@type\":\"Organization\",\"@id\":\"https:\\\/\\\/www.howtowatchchannel.com\\\/au\\\/#organization\",\"name\":\"How To Watch Channel\",\"url\":\"https:\\\/\\\/www.howtowatchchannel.com\\\/au\\\/\",\"logo\":{\"@type\":\"ImageObject\",\"inLanguage\":\"en-AU\",\"@id\":\"https:\\\/\\\/www.howtowatchchannel.com\\\/au\\\/#\\\/schema\\\/logo\\\/image\\\/\",\"url\":\"https:\\\/\\\/www.howtowatchchannel.com\\\/wp-content\\\/uploads\\\/2021\\\/10\\\/cropped-howtowatchchannel-logo.png\",\"contentUrl\":\"https:\\\/\\\/www.howtowatchchannel.com\\\/wp-content\\\/uploads\\\/2021\\\/10\\\/cropped-howtowatchchannel-logo.png\",\"width\":499,\"height\":350,\"caption\":\"How To Watch Channel\"},\"image\":{\"@id\":\"https:\\\/\\\/www.howtowatchchannel.com\\\/au\\\/#\\\/schema\\\/logo\\\/image\\\/\"}}]}<\/script>\n<!-- \/ Yoast SEO plugin. -->","yoast_head_json":{"title":"How to Watch B.R.I on Canal+ in Australia","description":"Learn how to watch B.R.I on Canal+ in Australia with this helpful guide. Discover the steps to follow and get access to this French crime drama today.","robots":{"index":"index","follow":"follow","max-snippet":"max-snippet:-1","max-image-preview":"max-image-preview:large","max-video-preview":"max-video-preview:-1"},"canonical":"https:\/\/www.howtowatchchannel.com\/au\/canal\/b-r-i\/","og_locale":"en_US","og_type":"article","og_title":"How to Watch B.R.I on Canal+ in Australia","og_description":"Learn how to watch B.R.I on Canal+ in Australia with this helpful guide. Discover the steps to follow and get access to this French crime drama today.","og_url":"https:\/\/www.howtowatchchannel.com\/au\/canal\/b-r-i\/","og_site_name":"How To Watch Channel","og_image":[{"width":700,"height":300,"url":"https:\/\/www.howtowatchchannel.com\/wp-content\/uploads\/2023\/07\/how-to-watch-b.r.i-on-canal-plus-in-australia.jpg","type":"image\/jpeg"}],"twitter_card":"summary_large_image","twitter_misc":{"Est. reading time":"5 minutes"},"schema":{"@context":"https:\/\/schema.org","@graph":[{"@type":"WebPage","@id":"https:\/\/www.howtowatchchannel.com\/au\/canal\/b-r-i\/","url":"https:\/\/www.howtowatchchannel.com\/au\/canal\/b-r-i\/","name":"How to Watch B.R.I on Canal+ in Australia","isPartOf":{"@id":"https:\/\/www.howtowatchchannel.com\/au\/#website"},"primaryImageOfPage":{"@id":"https:\/\/www.howtowatchchannel.com\/au\/canal\/b-r-i\/#primaryimage"},"image":{"@id":"https:\/\/www.howtowatchchannel.com\/au\/canal\/b-r-i\/#primaryimage"},"thumbnailUrl":"https:\/\/www.howtowatchchannel.com\/wp-content\/uploads\/2023\/07\/how-to-watch-b.r.i-on-canal-plus-in-australia.jpg","datePublished":"2023-10-03T13:56:59+00:00","description":"Learn how to watch B.R.I on Canal+ in Australia with this helpful guide. Discover the steps to follow and get access to this French crime drama today.","breadcrumb":{"@id":"https:\/\/www.howtowatchchannel.com\/au\/canal\/b-r-i\/#breadcrumb"},"inLanguage":"en-AU","potentialAction":[{"@type":"ReadAction","target":["https:\/\/www.howtowatchchannel.com\/au\/canal\/b-r-i\/"]}]},{"@type":"ImageObject","inLanguage":"en-AU","@id":"https:\/\/www.howtowatchchannel.com\/au\/canal\/b-r-i\/#primaryimage","url":"https:\/\/www.howtowatchchannel.com\/wp-content\/uploads\/2023\/07\/how-to-watch-b.r.i-on-canal-plus-in-australia.jpg","contentUrl":"https:\/\/www.howtowatchchannel.com\/wp-content\/uploads\/2023\/07\/how-to-watch-b.r.i-on-canal-plus-in-australia.jpg","width":700,"height":300,"caption":"How to Watch B.R.I on Canal Plus in Australia"},{"@type":"BreadcrumbList","@id":"https:\/\/www.howtowatchchannel.com\/au\/canal\/b-r-i\/#breadcrumb","itemListElement":[{"@type":"ListItem","position":1,"name":"Home","item":"https:\/\/www.howtowatchchannel.com\/au\/"},{"@type":"ListItem","position":2,"name":"How to Watch Canal+ in Australia [Updated May 2024]","item":"https:\/\/www.howtowatchchannel.com\/au\/canal\/"},{"@type":"ListItem","position":3,"name":"How to Watch B.R.I on Canal+ in Australia"}]},{"@type":"WebSite","@id":"https:\/\/www.howtowatchchannel.com\/au\/#website","url":"https:\/\/www.howtowatchchannel.com\/au\/","name":"How To Watch Channel","description":"Home to access all channels from anywhere around the world","publisher":{"@id":"https:\/\/www.howtowatchchannel.com\/au\/#organization"},"potentialAction":[{"@type":"SearchAction","target":{"@type":"EntryPoint","urlTemplate":"https:\/\/www.howtowatchchannel.com\/au\/?s={search_term_string}"},"query-input":{"@type":"PropertyValueSpecification","valueRequired":true,"valueName":"search_term_string"}}],"inLanguage":"en-AU"},{"@type":"Organization","@id":"https:\/\/www.howtowatchchannel.com\/au\/#organization","name":"How To Watch Channel","url":"https:\/\/www.howtowatchchannel.com\/au\/","logo":{"@type":"ImageObject","inLanguage":"en-AU","@id":"https:\/\/www.howtowatchchannel.com\/au\/#\/schema\/logo\/image\/","url":"https:\/\/www.howtowatchchannel.com\/wp-content\/uploads\/2021\/10\/cropped-howtowatchchannel-logo.png","contentUrl":"https:\/\/www.howtowatchchannel.com\/wp-content\/uploads\/2021\/10\/cropped-howtowatchchannel-logo.png","width":499,"height":350,"caption":"How To Watch Channel"},"image":{"@id":"https:\/\/www.howtowatchchannel.com\/au\/#\/schema\/logo\/image\/"}}]}},"acf":[],"_links":{"self":[{"href":"https:\/\/www.howtowatchchannel.com\/au\/wp-json\/wp\/v2\/pages\/48820","targetHints":{"allow":["GET"]}}],"collection":[{"href":"https:\/\/www.howtowatchchannel.com\/au\/wp-json\/wp\/v2\/pages"}],"about":[{"href":"https:\/\/www.howtowatchchannel.com\/au\/wp-json\/wp\/v2\/types\/page"}],"author":[{"embeddable":true,"href":"https:\/\/www.howtowatchchannel.com\/au\/wp-json\/wp\/v2\/users\/2"}],"replies":[{"embeddable":true,"href":"https:\/\/www.howtowatchchannel.com\/au\/wp-json\/wp\/v2\/comments?post=48820"}],"version-history":[{"count":2,"href":"https:\/\/www.howtowatchchannel.com\/au\/wp-json\/wp\/v2\/pages\/48820\/revisions"}],"predecessor-version":[{"id":48843,"href":"https:\/\/www.howtowatchchannel.com\/au\/wp-json\/wp\/v2\/pages\/48820\/revisions\/48843"}],"up":[{"embeddable":true,"href":"https:\/\/www.howtowatchchannel.com\/au\/wp-json\/wp\/v2\/pages\/16785"}],"wp:featuredmedia":[{"embeddable":true,"href":"https:\/\/www.howtowatchchannel.com\/au\/wp-json\/wp\/v2\/media\/48830"}],"wp:attachment":[{"href":"https:\/\/www.howtowatchchannel.com\/au\/wp-json\/wp\/v2\/media?parent=48820"}],"curies":[{"name":"wp","href":"https:\/\/api.w.org\/{rel}","templated":true}]}}